{"id":15,"date":"2012-04-10T17:16:29","date_gmt":"2012-04-10T17:16:29","guid":{"rendered":"http:\/\/dr-roth-badems.de\/?page_id=15"},"modified":"2021-10-12T14:10:53","modified_gmt":"2021-10-12T14:10:53","slug":"fachartikel-2","status":"publish","type":"page","link":"https:\/\/dr-roth-badems.de\/?page_id=15","title":{"rendered":"Fachartikel"},"content":{"rendered":"<p>&nbsp;<\/p>\n<h1>ab 2013<\/h1>\n<table class=\"table table-striped\">\n<tbody>\n<tr>\n<th scope=\"col\" width=\"470\">Autoren und Titel<\/th>\n<th scope=\"col\" width=\"182\">Fundstelle<\/th>\n<th width=\"32\">PDF<\/th>\n<\/tr>\n<tr>\n<td><span style=\"text-decoration: underline;\">Roth, U.:<\/span><br \/>\nKlimawandel und Bev\u00f6lkerungswachstum &#8211; Herausforderungen f\u00fcr die Wasserversorgung.<\/td>\n<td>Transforming Cities, Heft 3\/2021, S. 74-80.<\/td>\n<td><a title=\"Download\" href=\"\/Dokumente\/Roth_TranCit_ 3_2021_final.pdf\" target=\"_blank\" rel=\"noopener noreferrer\"><img decoding=\"async\" src=\"\/Bilder\/pdficon_large.png\" alt=\"\"><\/a><\/td>\n<\/tr>\n<tr>\n<td><span style=\"text-decoration: underline;\">Roth, U.:<\/span><br \/>\nSituation der Wasserversorgung in hei\u00dfen Sommern \u2013 was k\u00f6nnen wir aus Trockenperioden lernen? Interview.<\/td>\n<td>Hessen im Blick (S. 1-7) und Rheinland-Pfalz im Blick (S. 1-4).<br \/>\nHrsg.: DVGW-Landesgruppen Hessen und Rheinland-Pfalz.<\/td>\n<td><a title=\"Hessen im Blick\" href=\"\/Dokumente\/WEB_HessenimBlick_19-2-2020.pdf\" target=\"_blank\" rel=\"noopener noreferrer\"><img decoding=\"async\" src=\"\/Bilder\/pdficon_large.png\" alt=\"\"><\/a><a title=\"RLP im Blick\" href=\"\/Dokumente\/WEB_RLPimBlick23-2-2020.pdf\" target=\"_blank\" rel=\"noopener noreferrer\"><img decoding=\"async\" src=\"\/Bilder\/pdficon_large.png\" alt=\"\"><\/a><a title=\"DVGW\" href=\"http:\/\/www.dvgw-rlp.de\/\" target=\"_blank\" rel=\"noopener noreferrer\">Link<\/a><\/td>\n<\/tr>\n<tr>\n<td><span style=\"text-decoration: underline;\">Roth, U.\/Herber, W.:<\/span><br \/>\nDer Regionale Wasserbedarfsnachweis der Hessenwasser &#8211; Aktuelle Fortschreibung mit Planungshorizont bis 2030.<\/td>\n<td>Inside Out \u2013 Das Hessenwassermagazin, Winter 2019\/2020 (Hrsg.: Hessenwasser GmbH &amp; Co. KG, Gro\u00df-Gerau).<\/td>\n<td><a title=\"Download\" href=\"\/Dokumente\/Regionaler Wasserbedarfsnachweis_InsideOut_02_2019.pdf\" target=\"_blank\" rel=\"noopener noreferrer\"><img decoding=\"async\" src=\"\/Bilder\/pdficon_large.png\" alt=\"\"><\/a><a title=\"Hessenwasser\" href=\"http:\/\/www.hessenwasser.de\/\" target=\"_blank\" rel=\"noopener noreferrer\">Link<\/a><\/td>\n<\/tr>\n<tr>\n<td><span style=\"text-decoration: underline;\">H\u00e4hnlein, C.\/Roth, U.:<\/span><br \/>\nSichere Trinkwasserversorgung &#8211; Aktuelle Aspekte der Versorgungssicherheit am Beispiel der Rhein-Main-Region.<\/td>\n<td>Transforming Cities, Heft 4\/2018, S. 78-83.<\/td>\n<td><a title=\"Download\" href=\"\/Dokumente\/Haehnlein-Roth_TranCit_4-2018.pdf\" target=\"_blank\" rel=\"noopener noreferrer\"><img decoding=\"async\" src=\"\/Bilder\/pdficon_large.png\" alt=\"\"><\/a><\/td>\n<\/tr>\n<tr>\n<td><span style=\"text-decoration: underline;\">Roth, U.:<\/span><br \/>\nNutzungskonflikte in der Wasserver- und -entsorgung als Herausforderung f\u00fcr wachsende Ballungsr\u00e4ume.<\/td>\n<td>Frankfurter Forschungsinstitut f\u00fcr Architektur &#8211; Bauingenieurwesen &#8211; Geomatik, Kongressunterlagen: Der resiliente Ballungsraum, 13. April 2018, S. 9-10.<\/td>\n<td><a title=\"Download\" href=\"\/Dokumente\/Kurzvortrag_Ulrich Roth_13April2018.pdf\" target=\"_blank\" rel=\"noopener noreferrer\"><img decoding=\"async\" src=\"\/Bilder\/pdficon_large.png\" alt=\"\"><\/a><\/td>\n<\/tr>\n<tr>\n<td><span style=\"text-decoration: underline;\">Roth, U.\/Herber, W.:<\/span><br \/>\nBev\u00f6lkerungswachstum erh\u00f6ht den Druck auf die Wasserversorgung.<\/td>\n<td>Inside Out \u2013 Das Hessenwassermagazin, Herbst 2016 (Hrsg.: Hessenwasser GmbH &amp; Co. KG, Gro\u00df-Gerau).<\/td>\n<td><a title=\"Download\" href=\"\/Dokumente\/InsideOut_2016_02_S07.pdf\" target=\"_blank\" rel=\"noopener noreferrer\"><img decoding=\"async\" src=\"\/Bilder\/pdficon_large.png\" alt=\"\"><\/a><a title=\"Hessenwasser\" href=\"http:\/\/www.hessenwasser.de\/\" target=\"_blank\" rel=\"noopener noreferrer\">Link<\/a><\/td>\n<\/tr>\n<tr>\n<td><span style=\"text-decoration: underline;\">Roth, U.\/Coppola, F.\/Wagner, H.:<\/span><br \/>\nDas Spitzenlastereignis 2015 im Versorgungsgebiet der Hessenwasser GmbH &amp; Co. KG.<\/td>\n<td>gwf-Wasser\/Abwasser<br \/>\n157 (2016) Nr. 6, S. 638-646.<\/td>\n<td><a title=\"Download\" href=\"\/Dokumente\/Spitzenwasserbedarf_gwf06-2016.pdf\" target=\"_blank\" rel=\"noopener noreferrer\"><img decoding=\"async\" src=\"\/Bilder\/pdficon_large.png\" alt=\"\"><\/a><\/td>\n<\/tr>\n<tr>\n<td><span style=\"text-decoration: underline;\">Roth, U.:<\/span><br \/>\nStresstest f\u00fcr die Wasserversorgung \u2013 Der Rekordsommer 2015 und die Trinkwasserversorgung im Ballungsraum.<\/td>\n<td>Inside Out \u2013 Das Hessenwassermagazin, Herbst 2015 (Hrsg.: Hessenwasser GmbH &amp; Co. KG, Gro\u00df-Gerau).<\/td>\n<td><a title=\"Download\" href=\"http:\/\/dr-roth-badems.de\/Dokumente\/Stresstest_IO_Herbst_2015.pdf\" target=\"_blank\" rel=\"noopener noreferrer\"><img decoding=\"async\" src=\"\/Bilder\/pdficon_large.png\" alt=\"\"><\/a><a title=\"Hessenwasser\" href=\"http:\/\/www.hessenwasser.de\/\" target=\"_blank\" rel=\"noopener noreferrer\">Link<\/a><\/td>\n<\/tr>\n<tr>\n<td><span style=\"text-decoration: underline;\">Herber, W.\/Roth, U.:<\/span><br \/>\nSituationsanalyse zur Wasserversorgung in der Rhein-Main-Region.<\/td>\n<td>DVGW-Landesgruppe Hessen:<br \/>\nHessen im Blick,<br \/>\nAusgabe 1\/2014, S. 1-4.<\/td>\n<td><a title=\"DVGW\" href=\"http:\/\/www.dvgw-hessen.de\/aktuelles\/hessen-im-blick\/\" target=\"_blank\" rel=\"noopener noreferrer\">Link<\/a><\/td>\n<\/tr>\n<tr>\n<td><span style=\"text-decoration: underline;\">Herber, W.\/Roth, U.:<\/span><br \/>\nGemeinsam handeln f\u00fcr eine sichere Trinkwasserversorgung.<\/td>\n<td>Inside Out \u2013 Das Hessenwassermagazin, 2\/2013 (Hrsg.: Hessenwasser GmbH &amp; Co. KG, Gro\u00df-Gerau).<\/td>\n<td><a title=\"Download\" href=\"http:\/\/dr-roth-badems.de\/Dokumente\/InsideOut_2013_02_S67.pdf\" target=\"_blank\" rel=\"noopener noreferrer\"><img decoding=\"async\" src=\"\/Bilder\/pdficon_large.png\" alt=\"\"><\/a><a title=\"Hessenwasser\" href=\"http:\/\/www.hessenwasser.de\/\" target=\"_blank\" rel=\"noopener noreferrer\">Link<\/a><\/td>\n<\/tr>\n<\/tbody>\n<\/table>\n<p align=\"center\"><em>Wiedergabe der gwf-Artikel mit freundlicher Genehmigung der DIV Deutscher Industrieverlag GmbH, 80636 M\u00fcnchen<\/em><\/p>\n<p>&nbsp;<\/p>\n<h1>2007 &#8211; 2011<\/h1>\n<table class=\"table table-striped\">\n<tbody>\n<tr>\n<th scope=\"col\" width=\"470\">Autoren und Titel<\/th>\n<th scope=\"col\" width=\"182\">Fundstelle<\/th>\n<th width=\"32\">PDF<\/th>\n<\/tr>\n<tr>\n<td><span style=\"text-decoration: underline;\">Roth, U.\/Mikat, H.\/Wagner, H.:<\/span><br \/>\nDer Einfluss moderner Haushaltsger\u00e4te auf den Trinkwasserbedarf der Haushalte.<\/td>\n<td>gwf-Wasser\/Abwasser<br \/>\n152 (2011) Nr. 7\/8, S. 736-744.<\/td>\n<td><a title=\"Download\" href=\"\/Dokumente\/2007-2011\/Haushaltsgeraete_gwf78-2011.pdf\" target=\"_blank\" rel=\"noopener noreferrer\"><img decoding=\"async\" src=\"\/Bilder\/pdficon_large.png\" alt=\"\"><\/a><\/td>\n<\/tr>\n<tr>\n<td><span style=\"text-decoration: underline;\">Roth, U.\/Mikat, H.\/Wagner, H.:<\/span><br \/>\nDer Einfluss moderner Toilettensp\u00fclungen auf den Trinkwasserbedarf der Haushalte.<\/td>\n<td>gwf-Wasser\/Abwasser<br \/>\n152 (2011) Nr. 3, S. 254-260.<\/td>\n<td><a title=\"Download\" href=\"\/Dokumente\/2007-2011\/Toilettenspuelung_gwf03_2011.pdf\" target=\"_blank\" rel=\"noopener noreferrer\"><img decoding=\"async\" src=\"\/Bilder\/pdficon_large.png\" alt=\"\"><\/a><\/td>\n<\/tr>\n<tr>\n<td><span style=\"text-decoration: underline;\">Roth, U.\/Herber, W.\/Mikat, H.\/Wagner, H.:<\/span><br \/>\nDie Entwicklung des Trinkwasserverbrauchs in Kommunen unterschiedlicher Gr\u00f6\u00dfe.<\/td>\n<td>gwf-Wasser\/Abwasser<br \/>\n152 (2011) Nr. 2, S. 162-168.<\/td>\n<td><a title=\"Download\" href=\"\/Dokumente\/2007-2011\/BedarfKommunen_gwf02-2011.pdf\" target=\"_blank\" rel=\"noopener noreferrer\"><img decoding=\"async\" src=\"\/Bilder\/pdficon_large.png\" alt=\"\"><\/a><\/td>\n<\/tr>\n<tr>\n<td><span style=\"text-decoration: underline;\">Roth, U.\/Mikat, H.\/Wagner, H.:<\/span><br \/>\nPrognose zur Entwicklung des Spitzenwasserbedarfs unter dem Einfluss des Klimawandels \u2013 Eine Absch\u00e4tzung am Beispiel der hessischen Landeshauptstadt Wiesbaden.<\/td>\n<td>gwf-Wasser\/Abwasser<br \/>\n152 (2011) Nr. 1, S. 94-100.<\/td>\n<td><a title=\"Download\" href=\"\/Dokumente\/2007-2011\/Spitzenwasserbedarf_gwf01-2011.pdf\" target=\"_blank\" rel=\"noopener noreferrer\"><img decoding=\"async\" src=\"\/Bilder\/pdficon_large.png\" alt=\"\"><\/a><\/td>\n<\/tr>\n<tr>\n<td><span style=\"text-decoration: underline;\">Mikat, H.\/Wagner, H.\/Roth, U.:<\/span><br \/>\nWasserbedarfsprognose f\u00fcr S\u00fcdhessen 2100 \u2013 Langfristige Prognose im Rahmen eines Klimafolgen-Projektes.<\/td>\n<td>gwf-Wasser\/Abwasser<br \/>\n151 (2010) Nr. 12, S. 1178-1186.<\/td>\n<td><a title=\"Download\" href=\"\/Dokumente\/2007-2011\/Bedarfsprognose2100_gwf12-2010.pdf\" target=\"_blank\" rel=\"noopener noreferrer\"><img decoding=\"async\" src=\"\/Bilder\/pdficon_large.png\" alt=\"\"><\/a><\/td>\n<\/tr>\n<tr>\n<td><span style=\"text-decoration: underline;\">Mikat, H.\/Wagner, H.\/Roth, U.:<\/span><br \/>\nDie Bev\u00f6lkerungsentwicklung in S\u00fcdhessen bis 2100 &#8211; Grundlage f\u00fcr eine langfristige Wasserbedarfsprognose im Rahmen eines Klimafolgen-Projektes.<\/td>\n<td>gwf-Wasser\/Abwasser<br \/>\n150 (2009) Nr. 2-3, S. 182-189.<\/td>\n<td><a title=\"Download\" href=\"\/Dokumente\/2007-2011\/Demografie_2100.pdf\" target=\"_blank\" rel=\"noopener noreferrer\"><img decoding=\"async\" src=\"\/Bilder\/pdficon_large.png\" alt=\"\"><\/a><\/td>\n<\/tr>\n<tr>\n<td><span style=\"text-decoration: underline;\">Roth, U.\/Berger, H.\/M\u00fcller, A.\/Wagner, H.:<\/span><br \/>\nH\u00f6he und H\u00e4ufigkeit von Wasserbedarfsspitzen bei der<br \/>\nHessenwasser GmbH &amp; Co. KG.<\/td>\n<td>gwf-Wasser\/Abwasser<br \/>\n149 (2008) Nr. 11, S. 864-871.<\/td>\n<td><a title=\"Download\" href=\"\/Dokumente\/2007-2011\/Spitzenwasserbedarf_2008.pdf\" target=\"_blank\" rel=\"noopener noreferrer\"><img decoding=\"async\" src=\"\/Bilder\/pdficon_large.png\" alt=\"\"><\/a><\/td>\n<\/tr>\n<tr>\n<td><span style=\"text-decoration: underline;\">Herber, W.\/Wagner, H.\/Roth, U.:<\/span><br \/>\nDer Regionale Wasserbedarfsnachweis der Hessenwasser GmbH &amp; Co. KG.<\/td>\n<td>gwf-Wasser\/Abwasser<br \/>\n149 (2008) Nr. 10, S. 773-779.<\/td>\n<td><a title=\"Download\" href=\"\/Dokumente\/2007-2011\/Wasserbedarfsnachweis_2008.pdf\" target=\"_blank\" rel=\"noopener noreferrer\"><img decoding=\"async\" src=\"\/Bilder\/pdficon_large.png\" alt=\"\"><\/a><\/td>\n<\/tr>\n<tr>\n<td><span style=\"text-decoration: underline;\">Herber, W.\/Wagner, H.\/Roth, U.:<\/span><br \/>\nDie Wasserbedarfsprognose als Grundlage f\u00fcr den Regionalen Wasserbedarfsnachweis der Hessenwasser GmbH &amp; Co. KG.<\/td>\n<td>gwf-Wasser\/Abwasser<br \/>\n149 (2008) Nr. 5, S. 426-434.<\/td>\n<td><a title=\"Download\" href=\"\/Dokumente\/2007-2011\/Wasserbedarfsprognose_2008.pdf\" target=\"_blank\" rel=\"noopener noreferrer\"><img decoding=\"async\" src=\"\/Bilder\/pdficon_large.png\" alt=\"\"><\/a><\/td>\n<\/tr>\n<tr>\n<td><span style=\"text-decoration: underline;\">Herber, W.\/Wagner, H.\/Roth, U.:<\/span><br \/>\nDie demografische Entwicklung als Grundlage f\u00fcr den Regionalen Wasserbedarfsnachweis der Hessenwasser GmbH &amp; Co. KG.<\/td>\n<td>gwf-Wasser\/Abwasser<br \/>\n148 (2007) Nr. 10, S. 684-690.<\/td>\n<td><a title=\"Download\" href=\"\/Dokumente\/2007-2011\/Demografie_2020_50.pdf\" target=\"_blank\" rel=\"noopener noreferrer\"><img decoding=\"async\" src=\"\/Bilder\/pdficon_large.png\" alt=\"\"><\/a><\/td>\n<\/tr>\n<\/tbody>\n<\/table>\n<p align=\"center\"><em>Wiedergabe der gwf-Artikel mit freundlicher Genehmigung der Oldenbourg-Industrieverlag GmbH, 81671 M\u00fcnchen<\/em><\/p>\n<h1>1998 &#8211; 2004<\/h1>\n<table class=\"table table-striped\">\n<tbody>\n<tr>\n<th scope=\"col\" width=\"326\"><strong>Autoren und Titel<\/strong><\/th>\n<th scope=\"col\" width=\"325\"><strong>Fundstelle<\/strong><\/th>\n<th scope=\"col\" width=\"33\">PDF<\/th>\n<\/tr>\n<tr>\n<td><span style=\"text-decoration: underline;\">Korthals, W.\/Roth, U.:<\/span><br \/>\nRegenwassernutzungsanlagen &#8211; \u201e\u00dcberfl\u00fcssiges Luxusgut\u201c oder \u201e\u00f6kologisch vorbildlich\u201c?<\/td>\n<td>bbr \u2013 Fachmagazin f\u00fcr Wasser und Leitungsbau<br \/>\n54. Jg. (2003), Heft 8, S. 31-37.<br \/>\n<em>Zweitver\u00f6ffentlichung:<\/em><br \/>\nFraunhofer Informationszentrum Raum und Bau (Hrsg.):<br \/>\nBauthema 01 &#8211; Regenwassernutzung.<br \/>\nFraunhofer IRB Verlag, Stuttgart, 2004.<\/td>\n<td><a title=\"Download\" href=\"\/Dokumente\/1998-2005\/ReWaNutz_3.pdf\" target=\"_blank\" rel=\"noopener noreferrer\"><img decoding=\"async\" src=\"\/Bilder\/pdficon_large.png\" alt=\"\"><\/a><\/td>\n<\/tr>\n<tr>\n<td><span style=\"text-decoration: underline;\">Roth, U.:<\/span><br \/>\nMittelfristige Prognose zur Entwicklung des Trink- und Prozesswasserbedarfs in Deutschland.<\/td>\n<td>Berichte aus dem IWW<br \/>\nBand 30, S. 21-41.<br \/>\nM\u00fclheim an der Ruhr, 2000.<\/td>\n<td><a title=\"Download\" href=\"\/Dokumente\/1998-2005\/IWW_2000.pdf\" target=\"_blank\" rel=\"noopener noreferrer\"><img decoding=\"async\" src=\"\/Bilder\/pdficon_large.png\" alt=\"\"><\/a><\/td>\n<\/tr>\n<tr>\n<td><span style=\"text-decoration: underline;\">Roth, U.:<\/span><br \/>\nKritische Stellungnahme zur Regenwassernutzung.<\/td>\n<td>UTA &#8211; Umwelt Technologie Aktuell<br \/>\n5-6\/99, S. 356-359.<\/td>\n<td><\/td>\n<\/tr>\n<tr>\n<td><span style=\"text-decoration: underline;\">Berger, H.\/Roth, U.\/Sammet, D.:<\/span><br \/>\nStruktur und Entwicklung des Wasserverbrauchs in Wiesbaden.<\/td>\n<td>gwf-Wasser\/Abwasser<br \/>\n139. Jg. (1998), Heft 9, S. 566-574.<\/td>\n<td><a title=\"Download\" href=\"\/Dokumente\/1998-2005\/Struktur.pdf\" target=\"_blank\" rel=\"noopener noreferrer\"><img decoding=\"async\" src=\"\/Bilder\/pdficon_large.png\" alt=\"\"><\/a><\/td>\n<\/tr>\n<tr>\n<td><span style=\"text-decoration: underline;\">Roth, U.:<\/span><br \/>\nBestimmungsfaktoren f\u00fcr Wasserbedarfsprognosen<\/td>\n<td>gwf-Wasser\/Abwasser<br \/>\n139. Jg. (1998), Heft 2, S. 63-69.<\/td>\n<td><a title=\"Download\" href=\"\/Dokumente\/1998-2005\/Bestimmungsfaktoren.pdf\" target=\"_blank\" rel=\"noopener noreferrer\"><img decoding=\"async\" src=\"\/Bilder\/pdficon_large.png\" alt=\"\"><\/a><\/td>\n<\/tr>\n<tr>\n<td><span style=\"text-decoration: underline;\">Roth, U.:<\/span><br \/>\nAuswirkungen eines Wasserentnahmeentgelts auf den Wasserbedarf.<\/td>\n<td>Berichte aus dem IWW<br \/>\nBand 21, S. 27-48.<br \/>\nM\u00fclheim an der Ruhr, 1998.<\/td>\n<td><a title=\"Download\" href=\"\/Dokumente\/1998-2005\/Wasserentnahmeentgelt.pdf\" target=\"_blank\" rel=\"noopener noreferrer\"><img decoding=\"async\" src=\"\/Bilder\/pdficon_large.png\" alt=\"\"><\/a><\/td>\n<\/tr>\n<\/tbody>\n<\/table>\n<h1>1992 &#8211; 1996<\/h1>\n<table class=\"table table-striped\">\n<tbody>\n<tr>\n<th scope=\"col\" width=\"451\"><strong>Autoren und Titel<\/strong><\/th>\n<th scope=\"col\" width=\"200\"><strong>Fundstelle<\/strong><\/th>\n<th scope=\"col\" width=\"33\">PDF<\/th>\n<\/tr>\n<tr>\n<td><span style=\"text-decoration: underline;\">Bj\u00f6rnsen, G.\/Roth, U.:<\/span><br \/>\nAuswirkungen r\u00fcckl\u00e4ufiger Wasserabgabe auf Planung und Betrieb von Wasserversorgungsnetzen.<\/td>\n<td>Neue DELIWA-Zeitschrift<br \/>\n47. Jg. (1996), Heft 2, S. 42-47.<\/td>\n<td><a title=\"Download\" href=\"\/Dokumente\/1992-1997\/Deliwa.pdf\" target=\"_blank\" rel=\"noopener noreferrer\"><img decoding=\"async\" src=\"\/Bilder\/pdficon_large.png\" alt=\"\"><\/a><\/td>\n<\/tr>\n<tr>\n<td><span style=\"text-decoration: underline;\">Roth, U.:<\/span><br \/>\nDer Einfluss moderner Haushaltsger\u00e4te auf den Wasserbedarf der Haushalte.<\/td>\n<td>Wasser und Boden<br \/>\n45. Jg. (1995), Heft 10, S. 58-62.<\/td>\n<td><a title=\"Download\" href=\"\/Dokumente\/1992-1997\/Haushaltsgeraete.pdf\" target=\"_blank\" rel=\"noopener noreferrer\"><img decoding=\"async\" src=\"\/Bilder\/pdficon_large.png\" alt=\"\"><\/a><\/td>\n<\/tr>\n<tr>\n<td><span style=\"text-decoration: underline;\">Roth, U.:<\/span><br \/>\nWasser sparen &#8211; M\u00f6glichkeiten und Grenzen.<\/td>\n<td>Die Wohnungswirtschaft<br \/>\n46. Jg. (1994), Heft 8, S. 468-470<\/td>\n<td><\/td>\n<\/tr>\n<tr>\n<td><span style=\"text-decoration: underline;\">Roth, U.:<\/span><br \/>\nEnergie sparen, Abfall vermeiden, Wasser sparen &#8211; Warum eigentlich?<\/td>\n<td>Die Wohnungswirtschaft<br \/>\n46. Jg. (1994), Heft 3, S. 154-156.<\/td>\n<td><\/td>\n<\/tr>\n<tr>\n<td><span style=\"text-decoration: underline;\">Roth, U.:<\/span><br \/>\nWohnungswasserz\u00e4hler &#8211; Was bewirken sie? &#8211; Lohnt sich ihr Einbau?<\/td>\n<td>Die Wohnungswirtschaft<br \/>\n46. Jg. (1993), Heft 11, S. 616-620.<\/td>\n<td><\/td>\n<\/tr>\n<tr>\n<td><span style=\"text-decoration: underline;\">Roth, U.:<\/span><br \/>\nRegenwassernutzung im h\u00e4uslichen Bereich.<\/td>\n<td>Wasser und Boden<br \/>\n45. Jg. (1993), Heft 3, S. 158-160.<\/td>\n<td><a title=\"Download\" href=\"\/Dokumente\/1992-1997\/ReWaNutz.pdf\" target=\"_blank\" rel=\"noopener noreferrer\"><img decoding=\"async\" src=\"\/Bilder\/pdficon_large.png\" alt=\"\"><\/a><\/td>\n<\/tr>\n<tr>\n<td><span style=\"text-decoration: underline;\">Bj\u00f6rnsen, G.\/Roth, U.:<\/span><br \/>\nEinfluss der Haushaltsgr\u00f6\u00dfe auf den Wasserbedarf.<\/td>\n<td>Wasser und Boden<br \/>\n45. Jg. (1993), Heft 3, S. 155-158<\/td>\n<td><a title=\"Download\" href=\"\/Dokumente\/1992-1997\/Haushaltsgroesse.pdf\" target=\"_blank\" rel=\"noopener noreferrer\"><img decoding=\"async\" src=\"\/Bilder\/pdficon_large.png\" alt=\"\"><\/a><\/td>\n<\/tr>\n<tr>\n<td><span style=\"text-decoration: underline;\">Roth, U.:<\/span><br \/>\nWassergeldumlage &#8211; nach Personen oder nach Wohnfl\u00e4che?<\/td>\n<td>Die Wohnungswirtschaft<br \/>\n45. Jg. (1992), Heft 12, S. 603-605.<\/td>\n<td><\/td>\n<\/tr>\n<\/tbody>\n<\/table>\n<h1>1981 &#8211; 1991<\/h1>\n<table class=\"table table-striped\">\n<tbody>\n<tr>\n<th scope=\"col\"><strong>Autoren und Titel<\/strong><\/th>\n<th scope=\"col\"><strong>Fundstelle<\/strong><\/th>\n<th><\/th>\n<\/tr>\n<tr>\n<td><span style=\"text-decoration: underline;\">Roth, U.:<\/span><br \/>\nErstellung des Abfalldeponiekatasters in Rheinland-Pfalz &#8211; Schlussbericht f\u00fcr den nord\u00f6stlichen Teilbereich<\/td>\n<td>Wasser und Boden<br \/>\n43. Jg. (1991), Heft 4, S. 202-204.<\/td>\n<td><\/td>\n<\/tr>\n<tr>\n<td><span style=\"text-decoration: underline;\">Roth, U.:<\/span><br \/>\nAltablagerungen in der Bundesrepublik Deutschland<\/td>\n<td>Vermessungswesen und Raumordnung<br \/>\n52. Jg. (1990), Heft 6, S. 182-188.<\/td>\n<td><\/td>\n<\/tr>\n<tr>\n<td><span style=\"text-decoration: underline;\">Roth, U.:<\/span><br \/>\nErstellung des Abfalldeponiekatasters in Rheinland-Pfalz.<\/td>\n<td>Wasser und Boden<br \/>\n41. Jg. (1989), Heft 9, S. 508-510.<\/td>\n<td><\/td>\n<\/tr>\n<tr>\n<td><span style=\"text-decoration: underline;\">Roth, U.:<\/span><br \/>\nBerechnung der Massenschwingungen in Differential-<br \/>\nwasserschl\u00f6ssern unter besonderer Ber\u00fccksichtigung<br \/>\nvon Mehrfachschaltf\u00e4llen (Dissertation).<\/p>\n<p align=\"center\"><img decoding=\"async\" src=\"\/Bilder\/Dissertation.png\" alt=\"\"><\/p>\n<\/td>\n<td>Lehr- und Forschungsgebiet Wasserbau und Wasserwirtschaft, Bergische Universit\u00e4t &#8211; Gesamthochschule Wuppertal<br \/>\n(Hrsg.: Prof. Dr.-Ing. H. Kaldenhoff).<br \/>\nBericht Nr. 1, 1986.<\/td>\n<td><a title=\"Download\" href=\"\/Dokumente\/Dissertation_Roth_Bericht_1_Wuppertal.pdf\" target=\"_blank\" rel=\"noopener noreferrer\"><img decoding=\"async\" src=\"\/Bilder\/pdficon_large.png\" alt=\"\"><\/a><a title=\"Uni Wuppertal\" href=\"http:\/\/www.hydro.uni-wuppertal.de\/\" target=\"_blank\" rel=\"noopener noreferrer\">Link<\/a><\/td>\n<\/tr>\n<tr>\n<td><span style=\"text-decoration: underline;\">Roth, U.:<\/span><br \/>\nUntersuchung des Schwingungsverhaltens eines Glockenturmes (Diplomarbeit, unver\u00f6ffentlicht).<\/td>\n<td>Lehr- und Forschungsgebiet Baumechanik,<br \/>\nBergische Universit\u00e4t &#8211; Gesamthochschule Wuppertal, 1981.<\/td>\n<td><\/td>\n<\/tr>\n<\/tbody>\n<\/table>\n","protected":false},"excerpt":{"rendered":"<p>&nbsp; ab 2013 Autoren und Titel Fundstelle PDF Roth, U.: Klimawandel und Bev\u00f6lkerungswachstum &#8211; Herausforderungen f\u00fcr die Wasserversorgung. Transforming Cities, Heft 3\/2021, S. 74-80. Roth, U.: Situation der Wasserversorgung in hei\u00dfen Sommern \u2013 was k\u00f6nnen wir aus Trockenperioden lernen? Interview. &hellip; <a href=\"https:\/\/dr-roth-badems.de\/?page_id=15\">Weiterlesen <span class=\"meta-nav\">&rarr;<\/span><\/a><\/p>\n","protected":false},"author":1,"featured_media":0,"parent":0,"menu_order":3,"comment_status":"closed","ping_status":"open","template":"","meta":[],"_links":{"self":[{"href":"https:\/\/dr-roth-badems.de\/index.php?rest_route=\/wp\/v2\/pages\/15"}],"collection":[{"href":"https:\/\/dr-roth-badems.de\/index.php?rest_route=\/wp\/v2\/pages"}],"about":[{"href":"https:\/\/dr-roth-badems.de\/index.php?rest_route=\/wp\/v2\/types\/page"}],"author":[{"embeddable":true,"href":"https:\/\/dr-roth-badems.de\/index.php?rest_route=\/wp\/v2\/users\/1"}],"replies":[{"embeddable":true,"href":"https:\/\/dr-roth-badems.de\/index.php?rest_route=%2Fwp%2Fv2%2Fcomments&post=15"}],"version-history":[{"count":93,"href":"https:\/\/dr-roth-badems.de\/index.php?rest_route=\/wp\/v2\/pages\/15\/revisions"}],"predecessor-version":[{"id":412,"href":"https:\/\/dr-roth-badems.de\/index.php?rest_route=\/wp\/v2\/pages\/15\/revisions\/412"}],"wp:attachment":[{"href":"https:\/\/dr-roth-badems.de\/index.php?rest_route=%2Fwp%2Fv2%2Fmedia&parent=15"}],"curies":[{"name":"wp","href":"https:\/\/api.w.org\/{rel}","templated":true}]}}