{"id":17,"date":"2022-07-18T06:42:49","date_gmt":"2022-07-18T06:42:49","guid":{"rendered":"http:\/\/dr-roth-badems.de\/?page_id=17"},"modified":"2023-12-31T18:40:06","modified_gmt":"2023-12-31T18:40:06","slug":"fachvortrage","status":"publish","type":"page","link":"https:\/\/dr-roth-badems.de\/?page_id=17","title":{"rendered":"Vortr\u00e4ge"},"content":{"rendered":"<h1>2010 &#8211; 2023<\/h1>\n<table class=\"table table-striped\" width=\"700\">\n<tbody>\n<tr>\n<th scope=\"col\">Datum<\/th>\n<th scope=\"col\">Titel<\/th>\n<th scope=\"col\">Veranstaltung<\/th>\n<th scope=\"col\">PDF<\/th>\n<\/tr>\n<tr>\n<td>24.05.2023<\/td>\n<td>Aspekte einer nachhaltigen Wasserversorgung.<\/td>\n<td>Vortrag bei der Veranstaltung \u201eUnser Wasser \u2013 Perspektiven f\u00fcr Glash\u00fctten\u201c im B\u00fcrgerhaus Glash\u00fctten.<\/td>\n<td><\/td>\n<td>&nbsp;<\/td>\n<\/tr>\n<tr>\n<td>16.03.2023<\/td>\n<td>Wasserversorgung in Zeiten des Klimawandels.<\/td>\n<td>Vortrag beim Erfahrungsaustausch Wassermeister:innen des DVGW in Bad D\u00fcrkheim.<\/td>\n<td><a title=\"Download\" href=\"\/Dokumente\/Praes_Roth_2023-03-16.pdf\" target=\"_blank\" rel=\"noopener noreferrer\"><img decoding=\"async\" src=\"\/Bilder\/pdficon_large.png\" alt=\"\"><\/a><\/td>\n<td>&nbsp;<\/td>\n<\/tr>\n<tr>\n<td>06.07.2022<\/td>\n<td>Aktuelle Aspekte zur Versorgungssicherheit mit Trinkwasser.<\/td>\n<td>Vortrag bei der Wasserwerksnachbarschaft Rheingau-Taunus in Waldems-Esch.<\/td>\n<td><a title=\"Download\" href=\"\/Dokumente\/Praes_Ro_2022-07-06.pdf\" target=\"_blank\" rel=\"noopener noreferrer\"><img decoding=\"async\" src=\"\/Bilder\/pdficon_large.png\" alt=\"\"><\/a><\/td>\n<td>&nbsp;<\/td>\n<\/tr>\n<tr>\n<td>11.03.2021<\/td>\n<td>Sicherstellung der Wasserversorgung in der Rhein-Main-Region.<\/td>\n<td>Vortrag beim 26. Th\u00fcringer Wasserkolloquium in Erfurt.<\/td>\n<td><a title=\"Download\" href=\"\/Dokumente\/Praes_DrRoth_2021-03-11.pdf\" target=\"_blank\" rel=\"noopener noreferrer\"><img decoding=\"async\" src=\"\/Bilder\/pdficon_large.png\" alt=\"\"><\/a><\/td>\n<td>&nbsp;<\/td>\n<\/tr>\n<tr>\n<td>03.03.2020<\/td>\n<td>Wasserbedarfsentwicklung: Was wir aus den Hitzesommern 2018 und 2019 lernen k\u00f6nnen.<\/td>\n<td>Vortrag beim Informationstag Wasser der LDEW\/DVGW-Landesgruppen Hessen\/Rheinland-Pfalz in Bensheim.<\/td>\n<td><a title=\"Download\" href=\"\/Dokumente\/Praes_Ro_2020-03-03.pdf\" target=\"_blank\" rel=\"noopener noreferrer\"><img decoding=\"async\" src=\"\/Bilder\/pdficon_large.png\" alt=\"\"><\/a><\/td>\n<td>&nbsp;<\/td>\n<\/tr>\n<tr>\n<td>10.04.2019<\/td>\n<td>Lebensgrundlage Wasserversorgung.<\/td>\n<td>Vortrag beim Kongress &#8222;Update Energiewende&#8220; an der Frankfurt University of Applied Sciences.<\/td>\n<td><a title=\"Download\" href=\"\/Dokumente\/Roth_WV_Kurzfassung_2019-04-10.pdf\" target=\"_blank\" rel=\"noopener noreferrer\"><img decoding=\"async\" src=\"\/Bilder\/pdficon_large.png\" alt=\"\"><\/a><\/td>\n<td>&nbsp;<\/td>\n<\/tr>\n<tr>\n<td>16.05.2017<\/td>\n<td>Nachhaltige Infrastrukturentwicklung am Beispiel der Wasserversorgung in der Rhein-Main-Region.<\/td>\n<td>Vortrag beim Kongress &#8222;Ballungsr\u00e4ume Europas &#8211; Herausforderungen an das Planen und Bauen&#8220; an der Frankfurt University of Applied Sciences.<\/td>\n<td><a title=\"Download\" href=\"\/Dokumente\/Vortrag_FRA-UAS_2017-05-16.pdf\" target=\"_blank\" rel=\"noopener noreferrer\"><img decoding=\"async\" src=\"\/Bilder\/pdficon_large.png\" alt=\"\"><\/a><\/td>\n<td>&nbsp;<\/td>\n<\/tr>\n<tr>\n<td>10.05.2017<\/td>\n<td>Aspekte einer nachhaltigen Wasserversorgung.<\/td>\n<td>Vortrag in der Veranstaltungsreihe des Vereins f\u00fcr Geschichte, Denkmal- und Landschaftspflege Bad Ems.<\/td>\n<td><a title=\"Download\" href=\"\/Dokumente\/Vortrag_VGDL_2017-05-10.pdf\" target=\"_blank\" rel=\"noopener noreferrer\"><img decoding=\"async\" src=\"\/Bilder\/pdficon_large.png\" alt=\"\"><\/a><\/td>\n<td>&nbsp;<\/td>\n<\/tr>\n<tr>\n<td>26.10.2016<\/td>\n<td>Sicherstellung der Trinkwasserversorgung in Ballungsgebieten.<\/td>\n<td>Vortrag bei der 1. Trinkwassertagung Metropolregion Rhein-Neckar in Mannheim.<\/td>\n<td>&nbsp;<\/td>\n<\/tr>\n<tr>\n<td>20.09.2016<\/td>\n<td>Klimawandel und Wasserversorgung &#8211; Einfluss der Witterung auf den Wasserbedarf.<\/td>\n<td>Vortrag beim 3. Wiesbadener Grundwassertag des Landesbetriebes Landwirtschaft Hessen in Zusammenarbeit mit dem Hessischen Landesamt f\u00fcr Naturschutz, Umwelt und Geologie in Wiesbaden.<\/td>\n<td><a title=\"Download\" href=\"\/Dokumente\/Praes_DrRoth_20.9.2016.pdf\" target=\"_blank\" rel=\"noopener noreferrer\"><img decoding=\"async\" src=\"\/Bilder\/pdficon_large.png\" alt=\"\"><\/a><\/td>\n<td>&nbsp;<\/td>\n<\/tr>\n<tr>\n<td>30.06.2016<\/td>\n<td>Auswirkungen der demografischen Entwicklung auf die Siedlungswasserwirtschaft.<\/td>\n<td>Vortrag in der Arbeitsgruppe Demografie und in den Werksaussch\u00fcssen der Verbandsgemeinde Bad Breisig.<\/td>\n<td>&nbsp;<\/td>\n<\/tr>\n<tr>\n<td>07.03.2016<\/td>\n<td>Anforderungen an die nachhaltige Wasserversorgung in einem Ballungsraum.<\/td>\n<td>Einf\u00fchrungsvortrag beim Kongress &#8222;Nachhaltige Wasserversorgung in einem Ballungsraum hoher Nutzungsdichte&#8220; an der Frankfurt University of Applied Sciences.<\/td>\n<td>&nbsp;<\/td>\n<\/tr>\n<tr>\n<td>29.02.2016<\/td>\n<td>Aktuelle Entwicklung des Wasserbedarfs im Rhein-Main-Raum.<\/td>\n<td>Vortrag beim Kongress \u201eKlimaschutz im Ballungsraum\u201c an der Frankfurt University of Applied Sciences.<\/td>\n<td>&nbsp;<\/td>\n<\/tr>\n<tr>\n<td>04.02.2016<\/td>\n<td>Aktuelle Aspekte zur Situation der Wasserversorgung in der Rhein-Main-Region.<\/td>\n<td>Vortrag beim Informationstag Wasser der LDEW\/DVGW Landesgruppen Hessen\/Rheinland-Pfalz in Bensheim.<\/td>\n<td>&nbsp;<\/td>\n<\/tr>\n<tr>\n<td>24.06.2015<\/td>\n<td>Aspekte des Wasser Sparens &#8211; Hauptziele der Agenda 21 und Situation im Rhein-Main-Raum.<\/td>\n<td>Kurzvortrag bei der Veranstaltung &#8222;Vom Sinn und Unsinn des Wasser Sparens &#8211; nachhaltiger Umgang mit Wasser&#8220; des ISOE und der Goethe-Universit\u00e4t Frankfurt am Main.<\/td>\n<td><a title=\"Download\" href=\"\/Dokumente\/Praes_24.6.2015.pdf\" target=\"_blank\" rel=\"noopener noreferrer\"><img decoding=\"async\" src=\"\/Bilder\/pdficon_large.png\" alt=\"\"><\/a><\/td>\n<\/tr>\n<tr>\n<td>20.05.2015<\/td>\n<td>Aspekte der Wasserversorgung im Rhein-Main-Raum.<\/td>\n<td>Vortrag am Institut f\u00fcr Kulturanthropologie und Europ\u00e4ische Anthropologie der Goethe-Universit\u00e4t Frankfurt am Main.<\/td>\n<td>&nbsp;<\/td>\n<\/tr>\n<tr>\n<td>02.03.2015<\/td>\n<td>Situation der Wasserversorgung im Rhein-Main-Raum.<\/td>\n<td>Kurzvortrag beim Kongress &#8222;Zukunftssicher Planen und Bauen im Ballungsraum&#8220; an der FH Frankfurt am Main.<\/td>\n<td><a title=\"Download\" href=\"\/Dokumente\/Roth_WV_2.3.2015.pdf\" target=\"_blank\" rel=\"noopener noreferrer\"><img decoding=\"async\" src=\"\/Bilder\/pdficon_large.png\" alt=\"\"><\/a><\/td>\n<\/tr>\n<tr>\n<td>17.03.2014<\/td>\n<td>Aspekte der Wasserver- und Abwasserentsorgung.<\/td>\n<td>2. IHK-Demografie-Forum &#8222;Was Unternehmen und Politik anpacken sollten&#8220; in Koblenz.<\/td>\n<td><a title=\"Download\" href=\"\/Dokumente\/Praes_Dr.Roth 17.3.14.pdf\" target=\"_blank\" rel=\"noopener noreferrer\"><img decoding=\"async\" src=\"\/Bilder\/pdficon_large.png\" alt=\"\"><\/a><\/td>\n<\/tr>\n<tr>\n<td>18.02.2013<\/td>\n<td>Spannungsfeld Erneuerbare Energien versus \u00f6ffentliche Wasserversorgung.<\/td>\n<td>&#8222;Impulsreferat&#8220; beim Kongress &#8222;Energiesog Ballungsraum&#8220; an der FH Frankfurt am Main. &#8211; Coreferentin: Prof. Dr.-Ing. M. Horster.<\/td>\n<td><a title=\"Download\" href=\"\/Dokumente\/Kurzvortrag_ErneuerbareEnergien_Feb2013.pdf\" target=\"_blank\" rel=\"noopener noreferrer\"><img decoding=\"async\" src=\"\/Bilder\/pdficon_large.png\" alt=\"\"><\/a><\/td>\n<\/tr>\n<tr>\n<td>08.11.2012<\/td>\n<td>Aspekte einer nachhaltigen Siedlungswasserwirtschaft<\/td>\n<td>Vortragsreihe \u201eAm Achten um Acht\u201c in Bad Ems.<\/td>\n<td>&nbsp;<\/td>\n<\/tr>\n<tr>\n<td>28.06.2012<\/td>\n<td>Sichere und nachhaltige Wasserversorgung unter dem Aspekt von Eigengewinnung und Fremdbezug.<\/td>\n<td>Nachbarschaftstag der DVGW Bezirksgruppe Wiesbaden und der Wasserwerke des Rheingau-Taunus Kreises in Bad Schwalbach.<\/td>\n<td>&nbsp;<\/td>\n<\/tr>\n<tr>\n<td>21.09.2011<\/td>\n<td>Demographic change and prognosis for future water demand for drinking water.<\/td>\n<td>Water CoRe meeting \u2013 good practices workshop in the HLUG in Wiesbaden. &#8211; Coreferent: Dr. Hermann Mikat.<\/td>\n<td>&nbsp;<\/td>\n<\/tr>\n<tr>\n<td>27.10.2010<\/td>\n<td>Trinkwasserversorgung und Klimawandel \u2013 Wasserbedarfsprognose 2100.<\/td>\n<td>\u201eTrinkwasser im Gespr\u00e4ch: Anpassungsstrategien an Klimawandel und Extremwetter \u2013 Ma\u00dfnahmen f\u00fcr ein nachhaltiges Grundwassermanagement\u201c bei der Hessenwasser GmbH &amp; Co. KG in Gro\u00df-Gerau-Dornheim.<\/td>\n<td><a title=\"Externer Link\" href=\"http:\/\/www.hessenwasser.de\/www\/dnl\/public\/Wasserbedarfsprognose_2100_Roth.pdf\" target=\"_blank\" rel=\"noopener noreferrer\"><img decoding=\"async\" src=\"\/Bilder\/pdficon_large.png\" alt=\"\"><\/a><\/td>\n<\/tr>\n<tr>\n<td>08.09.2010<\/td>\n<td>Trinkwasserversorgung und Klimawandel, ist Wassernotstand in Sicht \u2013 Wasserbedarfsprognose 2100.<\/td>\n<td>\u201eKlimawandel &#8211; dessen Einfl\u00fcsse auf den Wasserhaushalt\u201c des Landesbetriebes Landwirtschaft Hessen \u2013 Bildungsseminar Rauischholzhausen in der Stadthalle Idstein.<\/td>\n<td><a title=\"Externer Link\" href=\"http:\/\/www.hlug.de\/fileadmin\/dokumente\/das_hlug\/veranstaltungsar-chiv\/klimawandel_idstein\/Praes_DrRoth_08Sept2010.pdf\" target=\"_blank\" rel=\"noopener noreferrer\"><img decoding=\"async\" src=\"\/Bilder\/pdficon_large.png\" alt=\"\"><\/a><\/td>\n<\/tr>\n<tr>\n<td>24.08.2010<\/td>\n<td>Demografischer Wandel in Rheinland-Pfalz \u2013 Folgen f\u00fcr die Siedlungswasserwirtschaft.<\/td>\n<td>Informationstag Abwasser des LDEW Hessen\/Rheinland-Pfalz in Mainz.<\/td>\n<td><a title=\"Externer Link\" href=\"http:\/\/www.bdew.de\/internet.nsf\/id\/03543FEF314E4870C1257831002FC024\/$file\/5Demografischer%20Wandel_Dr.Roth.genehmeigt.pdf\" target=\"_blank\" rel=\"noopener noreferrer\"><img decoding=\"async\" src=\"\/Bilder\/pdficon_large.png\" alt=\"\"><\/a><\/td>\n<\/tr>\n<tr>\n<td>04.05.2010<\/td>\n<td>Demografischer Wandel in Rheinland-Pfalz \u2013 Folgen f\u00fcr die (Ab-)Wasserwirt-schaft.<\/td>\n<td>Fachtagung \u201eLeitlinien f\u00fcr die kommunale Abwasserwirtschaft&#8220; des Ministeriums f\u00fcr Umwelt, Forsten und Verbraucherschutz Rheinland-Pfalz und des Fachgebietes Siedlungswasserwirtschaft an der TU Kaiserslautern<\/td>\n<td>&nbsp;<\/td>\n<\/tr>\n<tr>\n<td>10.03.2010<br \/>\n11.03.2010<\/td>\n<td>Bev\u00f6lkerungsentwicklung \/ demografischer Wandel \u2013 Auswirkungen auf die Wasserversorgung.<\/td>\n<td>Wasserwerksschulung der DVGW-Bezirksgruppe Pfalz in Kaiserslautern und Ludwigshafen.<\/td>\n<td>&nbsp;<\/td>\n<\/tr>\n<\/tbody>\n<\/table>\n<h1><strong>2000 &#8211; 2009<\/strong><\/h1>\n<table class=\"table table-striped\" width=\"700\">\n<tbody>\n<tr>\n<th scope=\"col\">Datum<\/th>\n<th scope=\"col\">Titel<\/th>\n<th scope=\"col\">Veranstaltung<\/th>\n<th scope=\"col\">PDF<\/th>\n<\/tr>\n<tr>\n<td>02.12.2008<\/td>\n<td>Auswirkungen des Klimawandels auf eine nachhaltige Grundwasserbewirtschaftung.<\/td>\n<td>Fachtagung \u201eEinfluss des Klimawandels auf Grundwasserhaushalt und Wasserwirtschaft\u201c des Bildungsseminars Rauischholzhausen und des Fachzentrums Klimawandel Hessen in Idstein.<\/td>\n<td><a title=\"Externer Link\" href=\"http:\/\/klimawandel.hlug.de\/fileadmin\/dokumente\/klima\/veranstaltungen\/idstein\/Vortrag_Roth.pdf\" target=\"_blank\" rel=\"noopener noreferrer\"><img decoding=\"async\" src=\"\/Bilder\/pdficon_large.png\" alt=\"\"><\/a><\/td>\n<\/tr>\n<tr>\n<td>16.10.2008<\/td>\n<td>Die demografische Entwicklung im Raum Kaiserslautern \u2013 Auswirkungen auf Wasserversorgung und Wasserbedarf.<\/td>\n<td>Vortragsreihe der Technischen Werke Kaiserslautern im Haus des Wassers in Kaiserslautern.<\/td>\n<td>&nbsp;<\/td>\n<\/tr>\n<tr>\n<td>10.09.2008<\/td>\n<td>Wasserversorgung im Focus \u00f6ffentlichen Interesses.<\/td>\n<td>Veranstaltung &#8222;Wasserversorgung im Focus \u00f6ffentlichen Interesses&#8220; des Pollichia e.V. in Kaiserslautern.<\/td>\n<td>&nbsp;<\/td>\n<\/tr>\n<tr>\n<td>21.08.2008<\/td>\n<td>Auswirkungen des Klimawandels auf eine nachhaltige Grundwasserbewirtschaftung.<\/td>\n<td>Vortrag beim Informationstag Wasser der BDEW- und DVGW-Landesgruppen Hessen und Rheinland-Pfalz in Niedernhausen.<\/td>\n<td>&nbsp;<\/td>\n<\/tr>\n<tr>\n<td>27.06.2008<\/td>\n<td>Der Wasserpreis und seine Auswirkungen auf den Wasserverbrauch.<\/td>\n<td>Fachtraining \u201eIntegriertes Wasserressourcenmanagement der MENA-Region\u201c der InWent &#8211; Internationale Weiterbildung und Entwicklung gGmbH bei der Rhine-Main Water Research gGmbH in Gro\u00df-Gerau.<\/td>\n<td>&nbsp;<\/td>\n<\/tr>\n<tr>\n<td>13.05.2008<\/td>\n<td>Auswirkungen des Klimawandels auf eine nachhaltige Grundwasserbewirtschaftung<\/td>\n<td>\u201eAuswirkungen des Klimawandels auf die Wasserwirtschaft\u201c der Ingenieurkammer Rheinland-Pfalz in Mainz.<\/td>\n<td>&nbsp;<\/td>\n<\/tr>\n<tr>\n<td>08.11.2007<\/td>\n<td>Die Geschichte der Wasserversorgung von Bad Ems.<\/td>\n<td>Vortragsreihe \u201eAm Achten um Acht\u201c in Bad Ems.<\/td>\n<td>&nbsp;<\/td>\n<\/tr>\n<tr>\n<td>29.10.2007<\/td>\n<td>Die demographische Entwicklung als Rahmenbedingung der Wasserwirtschaft.<\/td>\n<td>Seminar \u201eWasserwirtschaft 2008 \u2013 Perspektiven und Folgen\u201c der IHK Koblenz.<\/td>\n<td>&nbsp;<\/td>\n<\/tr>\n<tr>\n<td>16.09.2003<\/td>\n<td>Trinkwasserverbrauch und Abwasseranfall &#8211; Analyse des ver\u00e4nderten Verbraucherverhaltens.<\/td>\n<td>Trinkwasser und Abwasser Tag 2003 der ATV-DVWK-Landesverb\u00e4nde Sachsen\/Th\u00fcringen &amp; Nord-Ost und der DVGW-Landes\u00adgruppen Ost in Brehna.<\/td>\n<td>&nbsp;<\/td>\n<\/tr>\n<tr>\n<td>25.03.2003<\/td>\n<td>Regenwassernutzung &#8211; Pflichten der Betreiber, Kosten und Nutzen, \u00f6kologische Gesamtbilanz.<\/td>\n<td>\u201eGespr\u00e4che \u00fcber Trinkwasser\u201c der BGW\/LGW-Landesgruppen Hessen und Rheinland-Pfalz in Frankfurt am Main.<\/td>\n<td>&nbsp;<\/td>\n<\/tr>\n<tr>\n<td>21.05.2001<\/td>\n<td>Trinkwasser &#8211; Lebensmittel Nr. 1.<\/td>\n<td>Vortragsreihe in Bad Ems.<\/td>\n<td>&nbsp;<\/td>\n<\/tr>\n<tr>\n<td>17.11.2000<\/td>\n<td>Mittelfristige Prognose zur Entwicklung des Trink- und Prozesswasserbedarfes bei besonderer Ber\u00fccksichtigung der Situation in den neuen Bundesl\u00e4ndern.<\/td>\n<td>9. Werkleitertagung Wasser der BGW\/<br \/>\nDVGW-Landesgruppen Ost in Brehna.<\/td>\n<td>&nbsp;<\/td>\n<\/tr>\n<tr>\n<td>31.05.2000<\/td>\n<td>Mittelfristige Prognose zur Entwicklung des Trink- und Prozesswasserbedarfs in Deutschland.<\/td>\n<td>5. Regionaler Erfahrungsaustausch Wasser\/Abwasser der BGW\/DVGW-Landesgruppen Ost in Magdeburg.<\/td>\n<td>&nbsp;<\/td>\n<\/tr>\n<\/tbody>\n<\/table>\n<h1>1994 &#8211; 1999<\/h1>\n<table class=\"table table-striped\" width=\"700\">\n<tbody>\n<tr>\n<th scope=\"col\">Datum<\/th>\n<th scope=\"col\">Titel<\/th>\n<th scope=\"col\">Veranstaltung<\/th>\n<\/tr>\n<tr>\n<td>01.06.1999<\/td>\n<td>Sparsamer Umgang mit Wasser &#8211; Beeinflussung des Verbraucherverhaltens bei Ber\u00fccksichtigung unterschiedlicher Siedlungsstrukturen.<\/td>\n<td>Fachtagung \u201eWohnungswasserz\u00e4hler\u201c der LGW\/BGW\/DVGW-Landesgruppen Hessen und Rheinland-Pfalz in Niedernhausen.<\/td>\n<\/tr>\n<tr>\n<td>24.11.1998<\/td>\n<td>Perspektiven f\u00fcr den Leitungsverbund S\u00fcdhessen.<\/td>\n<td>Workshop \u201eGrundwassermonitoring und Steuerungsmanagement\u201c in Wiesbaden.<\/td>\n<\/tr>\n<tr>\n<td>07.05.1998<\/td>\n<td>Wassersparen und Regenwassernutzung &#8211; unn\u00f6tiger Luxus?<\/td>\n<td>Veranstaltung &#8222;Wassersparen und Regenwassernutzung &#8211; unn\u00f6tiger Luxus?&#8220; des BUND und des AStA der TU Darmstadt in Darmstadt.<\/td>\n<\/tr>\n<tr>\n<td>20.03.1998<\/td>\n<td>Nutzen und Kosten der Regenwassernutzung.<\/td>\n<td>Veranstaltung \u201eRegenwassernutzung &#8211; Pro und Kontra\u201c des Wetteraukreises in Friedberg (Hessen).<\/td>\n<\/tr>\n<tr>\n<td>02.12.1997<\/td>\n<td>Auswirkungen eines Wasserentnahmeentgelts auf den Wasserbedarf.<\/td>\n<td>9. IWW-Fachkolloquium \u201eWasserentnahmeentgelt in Nordrhein-Westfalen?\u201c in M\u00fclheim an der Ruhr.<\/td>\n<\/tr>\n<tr>\n<td>09.07.1997<\/td>\n<td>Bestimmungsfaktoren f\u00fcr Wasserbedarfsprognosen.<\/td>\n<td>Informationstag \u201eWasser\u201c der BGW\/DVGW-Landesgruppen Hessen in Sulzbach.<\/td>\n<\/tr>\n<tr>\n<td>16.09.1996<\/td>\n<td>Klimaschwankungen in Vergangenheit und Zukunft.<\/td>\n<td>Vortragsreihe in Bad Ems.<\/td>\n<\/tr>\n<tr>\n<td>01.07.1996<\/td>\n<td>Trends bei der Wasserbedarfsentwicklung und der Wassereinsparung.<\/td>\n<td>\u201eRegionale Entwicklung und knappes Trinkwasser\u201c beim Umlandverband Frankfurt.<\/td>\n<\/tr>\n<tr>\n<td>08.12.1994<\/td>\n<td>Wasser Sparen &#8211; M\u00f6glichkeiten und Grenzen, Kosten und Nutzen.<\/td>\n<td>T\u00dcV-Akademie Rheinland, Frankfurt am Main.<\/td>\n<\/tr>\n<tr>\n<td>12.10.1994<\/td>\n<td>Nutzen-Kosten-Verh\u00e4ltnis der Regenwassernutzung &#8211; Versuch einer Bilanzierung.<\/td>\n<td>Fortbildungsveranstaltung &#8222;Regenwassernutzung&#8220; der Hessischen Landesanstalt f\u00fcr Umwelt in Lollar.<\/td>\n<\/tr>\n<tr>\n<td>26.05.1994<\/td>\n<td>Konzepte zum Wasser Sparen &#8211; M\u00f6glichkeiten und Grenzen, Kosten und Nutzen.<\/td>\n<td>Mitgliederversammlung der Arbeitsgemeinschaft Wasserversorgung Rhein-Main-Taunus, Wiesbaden.<\/td>\n<\/tr>\n<\/tbody>\n<\/table>\n","protected":false},"excerpt":{"rendered":"<p>2010 &#8211; 2023 Datum Titel Veranstaltung PDF 24.05.2023 Aspekte einer nachhaltigen Wasserversorgung. Vortrag bei der Veranstaltung \u201eUnser Wasser \u2013 Perspektiven f\u00fcr Glash\u00fctten\u201c im B\u00fcrgerhaus Glash\u00fctten. &nbsp; 16.03.2023 Wasserversorgung in Zeiten des Klimawandels. Vortrag beim Erfahrungsaustausch Wassermeister:innen des DVGW in Bad &hellip; <a href=\"https:\/\/dr-roth-badems.de\/?page_id=17\">Weiterlesen <span class=\"meta-nav\">&rarr;<\/span><\/a><\/p>\n","protected":false},"author":1,"featured_media":0,"parent":0,"menu_order":4,"comment_status":"closed","ping_status":"closed","template":"","meta":[],"_links":{"self":[{"href":"https:\/\/dr-roth-badems.de\/index.php?rest_route=\/wp\/v2\/pages\/17"}],"collection":[{"href":"https:\/\/dr-roth-badems.de\/index.php?rest_route=\/wp\/v2\/pages"}],"about":[{"href":"https:\/\/dr-roth-badems.de\/index.php?rest_route=\/wp\/v2\/types\/page"}],"author":[{"embeddable":true,"href":"https:\/\/dr-roth-badems.de\/index.php?rest_route=\/wp\/v2\/users\/1"}],"replies":[{"embeddable":true,"href":"https:\/\/dr-roth-badems.de\/index.php?rest_route=%2Fwp%2Fv2%2Fcomments&post=17"}],"version-history":[{"count":41,"href":"https:\/\/dr-roth-badems.de\/index.php?rest_route=\/wp\/v2\/pages\/17\/revisions"}],"predecessor-version":[{"id":452,"href":"https:\/\/dr-roth-badems.de\/index.php?rest_route=\/wp\/v2\/pages\/17\/revisions\/452"}],"wp:attachment":[{"href":"https:\/\/dr-roth-badems.de\/index.php?rest_route=%2Fwp%2Fv2%2Fmedia&parent=17"}],"curies":[{"name":"wp","href":"https:\/\/api.w.org\/{rel}","templated":true}]}}